{"id":6905,"date":"2021-11-19T14:46:29","date_gmt":"2021-11-19T14:46:29","guid":{"rendered":"https:\/\/pensiunea-paulowniaeuropa.ro\/?post_type=product&#038;p=6905"},"modified":"2021-11-19T14:47:51","modified_gmt":"2021-11-19T14:47:51","slug":"ciabatta-extra","status":"publish","type":"product","link":"https:\/\/pensiunea-paulowniaeuropa.ro\/index.php\/produs\/ciabatta-extra\/","title":{"rendered":"Ciabatta extra"},"content":{"rendered":"","protected":false},"excerpt":{"rendered":"<p><strong>Ingrediente:<\/strong> cotlet de porc la gr\u0103tar, salat\u0103 verde, ardei copt, cartofi pr\u0103ji\u021bi,castrave\u021bi mura\u021bi, sos de usturoi<br \/>\n<strong>Gramaj: <\/strong>340g<\/p>\n","protected":false},"featured_media":6906,"comment_status":"closed","ping_status":"closed","template":"","meta":[],"product_cat":[99],"product_tag":[97,108,105,110,89,92],"class_list":["post-6905","product","type-product","status-publish","has-post-thumbnail","hentry","product_cat-sandwich","product_tag-ardei-copt","product_tag-cartofi-prajiti","product_tag-castraveti-murati","product_tag-cotlet-de-porc-la-gratar","product_tag-salata-verde","product_tag-sos-de-usturoi"],"_links":{"self":[{"href":"https:\/\/pensiunea-paulowniaeuropa.ro\/index.php\/wp-json\/wp\/v2\/product\/6905","targetHints":{"allow":["GET"]}}],"collection":[{"href":"https:\/\/pensiunea-paulowniaeuropa.ro\/index.php\/wp-json\/wp\/v2\/product"}],"about":[{"href":"https:\/\/pensiunea-paulowniaeuropa.ro\/index.php\/wp-json\/wp\/v2\/types\/product"}],"replies":[{"embeddable":true,"href":"https:\/\/pensiunea-paulowniaeuropa.ro\/index.php\/wp-json\/wp\/v2\/comments?post=6905"}],"wp:featuredmedia":[{"embeddable":true,"href":"https:\/\/pensiunea-paulowniaeuropa.ro\/index.php\/wp-json\/wp\/v2\/media\/6906"}],"wp:attachment":[{"href":"https:\/\/pensiunea-paulowniaeuropa.ro\/index.php\/wp-json\/wp\/v2\/media?parent=6905"}],"wp:term":[{"taxonomy":"product_cat","embeddable":true,"href":"https:\/\/pensiunea-paulowniaeuropa.ro\/index.php\/wp-json\/wp\/v2\/product_cat?post=6905"},{"taxonomy":"product_tag","embeddable":true,"href":"https:\/\/pensiunea-paulowniaeuropa.ro\/index.php\/wp-json\/wp\/v2\/product_tag?post=6905"}],"curies":[{"name":"wp","href":"https:\/\/api.w.org\/{rel}","templated":true}]}}