{"id":6899,"date":"2021-11-19T14:20:24","date_gmt":"2021-11-19T14:20:24","guid":{"rendered":"https:\/\/pensiunea-paulowniaeuropa.ro\/?post_type=product&#038;p=6899"},"modified":"2021-11-19T14:24:16","modified_gmt":"2021-11-19T14:24:16","slug":"ciabatta-gurmand","status":"publish","type":"product","link":"https:\/\/pensiunea-paulowniaeuropa.ro\/index.php\/produs\/ciabatta-gurmand\/","title":{"rendered":"Ciabatta gurmand"},"content":{"rendered":"","protected":false},"excerpt":{"rendered":"<p><strong>Ingrediente:<\/strong> piept de pui la gr\u0103tar, castravete murat, varz\u0103,ceap\u0103, sos de usturoi, ketchup<br \/>\n<strong>Gramaj: <\/strong>340g<\/p>\n","protected":false},"featured_media":6900,"comment_status":"closed","ping_status":"closed","template":"","meta":[],"product_cat":[99],"product_tag":[101,86,103,100,92,102],"class_list":["post-6899","product","type-product","status-publish","has-post-thumbnail","hentry","product_cat-sandwich","product_tag-castravete-murat","product_tag-ceapa","product_tag-ketchup","product_tag-piept-de-pui-la-gratar","product_tag-sos-de-usturoi","product_tag-varza"],"_links":{"self":[{"href":"https:\/\/pensiunea-paulowniaeuropa.ro\/index.php\/wp-json\/wp\/v2\/product\/6899","targetHints":{"allow":["GET"]}}],"collection":[{"href":"https:\/\/pensiunea-paulowniaeuropa.ro\/index.php\/wp-json\/wp\/v2\/product"}],"about":[{"href":"https:\/\/pensiunea-paulowniaeuropa.ro\/index.php\/wp-json\/wp\/v2\/types\/product"}],"replies":[{"embeddable":true,"href":"https:\/\/pensiunea-paulowniaeuropa.ro\/index.php\/wp-json\/wp\/v2\/comments?post=6899"}],"wp:featuredmedia":[{"embeddable":true,"href":"https:\/\/pensiunea-paulowniaeuropa.ro\/index.php\/wp-json\/wp\/v2\/media\/6900"}],"wp:attachment":[{"href":"https:\/\/pensiunea-paulowniaeuropa.ro\/index.php\/wp-json\/wp\/v2\/media?parent=6899"}],"wp:term":[{"taxonomy":"product_cat","embeddable":true,"href":"https:\/\/pensiunea-paulowniaeuropa.ro\/index.php\/wp-json\/wp\/v2\/product_cat?post=6899"},{"taxonomy":"product_tag","embeddable":true,"href":"https:\/\/pensiunea-paulowniaeuropa.ro\/index.php\/wp-json\/wp\/v2\/product_tag?post=6899"}],"curies":[{"name":"wp","href":"https:\/\/api.w.org\/{rel}","templated":true}]}}