{"id":6897,"date":"2021-11-19T14:10:14","date_gmt":"2021-11-19T14:10:14","guid":{"rendered":"https:\/\/pensiunea-paulowniaeuropa.ro\/?post_type=product&#038;p=6897"},"modified":"2021-11-19T14:13:11","modified_gmt":"2021-11-19T14:13:11","slug":"sapori-italia-2","status":"publish","type":"product","link":"https:\/\/pensiunea-paulowniaeuropa.ro\/index.php\/produs\/sapori-italia-2\/","title":{"rendered":"Sapori Italia"},"content":{"rendered":"","protected":false},"excerpt":{"rendered":"<p><strong>Ingrediente:<\/strong> rucola, prosciutto crudo, ro\u0219ii chery, parmezan, ulei de m\u0103sline, l\u0103m\u00e2ie, foccacia<br \/>\n<strong>Gramaj: <\/strong>380g<\/p>\n","protected":false},"featured_media":6898,"comment_status":"closed","ping_status":"closed","template":"","meta":[],"product_cat":[88],"product_tag":[93,67,76,74,75,73,57],"class_list":["post-6897","product","type-product","status-publish","has-post-thumbnail","hentry","product_cat-salate","product_tag-foccacia","product_tag-lamaie","product_tag-parmezan","product_tag-prosciutto-crudo","product_tag-rosii-chery","product_tag-rucola","product_tag-ulei-de-masline"],"_links":{"self":[{"href":"https:\/\/pensiunea-paulowniaeuropa.ro\/index.php\/wp-json\/wp\/v2\/product\/6897","targetHints":{"allow":["GET"]}}],"collection":[{"href":"https:\/\/pensiunea-paulowniaeuropa.ro\/index.php\/wp-json\/wp\/v2\/product"}],"about":[{"href":"https:\/\/pensiunea-paulowniaeuropa.ro\/index.php\/wp-json\/wp\/v2\/types\/product"}],"replies":[{"embeddable":true,"href":"https:\/\/pensiunea-paulowniaeuropa.ro\/index.php\/wp-json\/wp\/v2\/comments?post=6897"}],"wp:featuredmedia":[{"embeddable":true,"href":"https:\/\/pensiunea-paulowniaeuropa.ro\/index.php\/wp-json\/wp\/v2\/media\/6898"}],"wp:attachment":[{"href":"https:\/\/pensiunea-paulowniaeuropa.ro\/index.php\/wp-json\/wp\/v2\/media?parent=6897"}],"wp:term":[{"taxonomy":"product_cat","embeddable":true,"href":"https:\/\/pensiunea-paulowniaeuropa.ro\/index.php\/wp-json\/wp\/v2\/product_cat?post=6897"},{"taxonomy":"product_tag","embeddable":true,"href":"https:\/\/pensiunea-paulowniaeuropa.ro\/index.php\/wp-json\/wp\/v2\/product_tag?post=6897"}],"curies":[{"name":"wp","href":"https:\/\/api.w.org\/{rel}","templated":true}]}}