{"id":6891,"date":"2021-11-19T13:30:56","date_gmt":"2021-11-19T13:30:56","guid":{"rendered":"https:\/\/pensiunea-paulowniaeuropa.ro\/?post_type=product&#038;p=6891"},"modified":"2021-11-19T13:57:47","modified_gmt":"2021-11-19T13:57:47","slug":"toscana","status":"publish","type":"product","link":"https:\/\/pensiunea-paulowniaeuropa.ro\/index.php\/produs\/toscana\/","title":{"rendered":"Toscana"},"content":{"rendered":"","protected":false},"excerpt":{"rendered":"<p><strong>Ingrediente:<\/strong> salat\u0103 verde, ton, ro\u0219ii, ceap\u0103, m\u0103sline, l\u0103m\u00e2ie, ulei de m\u0103sline, foccacia<br \/>\n<strong>Gramaj: <\/strong>380g<\/p>\n","protected":false},"featured_media":6892,"comment_status":"closed","ping_status":"closed","template":"","meta":[],"product_cat":[88],"product_tag":[86,93,67,64,96,89,66,57],"class_list":["post-6891","product","type-product","status-publish","has-post-thumbnail","hentry","product_cat-salate","product_tag-ceapa","product_tag-foccacia","product_tag-lamaie","product_tag-masline","product_tag-rosii","product_tag-salata-verde","product_tag-ton","product_tag-ulei-de-masline"],"_links":{"self":[{"href":"https:\/\/pensiunea-paulowniaeuropa.ro\/index.php\/wp-json\/wp\/v2\/product\/6891","targetHints":{"allow":["GET"]}}],"collection":[{"href":"https:\/\/pensiunea-paulowniaeuropa.ro\/index.php\/wp-json\/wp\/v2\/product"}],"about":[{"href":"https:\/\/pensiunea-paulowniaeuropa.ro\/index.php\/wp-json\/wp\/v2\/types\/product"}],"replies":[{"embeddable":true,"href":"https:\/\/pensiunea-paulowniaeuropa.ro\/index.php\/wp-json\/wp\/v2\/comments?post=6891"}],"wp:featuredmedia":[{"embeddable":true,"href":"https:\/\/pensiunea-paulowniaeuropa.ro\/index.php\/wp-json\/wp\/v2\/media\/6892"}],"wp:attachment":[{"href":"https:\/\/pensiunea-paulowniaeuropa.ro\/index.php\/wp-json\/wp\/v2\/media?parent=6891"}],"wp:term":[{"taxonomy":"product_cat","embeddable":true,"href":"https:\/\/pensiunea-paulowniaeuropa.ro\/index.php\/wp-json\/wp\/v2\/product_cat?post=6891"},{"taxonomy":"product_tag","embeddable":true,"href":"https:\/\/pensiunea-paulowniaeuropa.ro\/index.php\/wp-json\/wp\/v2\/product_tag?post=6891"}],"curies":[{"name":"wp","href":"https:\/\/api.w.org\/{rel}","templated":true}]}}