{"id":6885,"date":"2021-11-19T13:02:12","date_gmt":"2021-11-19T13:02:12","guid":{"rendered":"https:\/\/pensiunea-paulowniaeuropa.ro\/?post_type=product&#038;p=6885"},"modified":"2021-11-19T13:03:58","modified_gmt":"2021-11-19T13:03:58","slug":"pollo-e-funghi","status":"publish","type":"product","link":"https:\/\/pensiunea-paulowniaeuropa.ro\/index.php\/produs\/pollo-e-funghi\/","title":{"rendered":"Pollo e funghi"},"content":{"rendered":"","protected":false},"excerpt":{"rendered":"<p><strong>Ingrediente:<\/strong> pene, piept de pui, ciuperci, parmezan, sm\u00e2nt\u00e2n\u0103, usturoi, oregano<br \/>\n<strong>Gramaj: <\/strong>350g<\/p>\n","protected":false},"featured_media":6886,"comment_status":"closed","ping_status":"closed","template":"","meta":[],"product_cat":[79],"product_tag":[65,58,76,80,51,81,71],"class_list":["post-6885","product","type-product","status-publish","has-post-thumbnail","hentry","product_cat-paste","product_tag-ciuperci","product_tag-oregano","product_tag-parmezan","product_tag-pene","product_tag-piept-de-pui","product_tag-smantana","product_tag-usturoi"],"_links":{"self":[{"href":"https:\/\/pensiunea-paulowniaeuropa.ro\/index.php\/wp-json\/wp\/v2\/product\/6885","targetHints":{"allow":["GET"]}}],"collection":[{"href":"https:\/\/pensiunea-paulowniaeuropa.ro\/index.php\/wp-json\/wp\/v2\/product"}],"about":[{"href":"https:\/\/pensiunea-paulowniaeuropa.ro\/index.php\/wp-json\/wp\/v2\/types\/product"}],"replies":[{"embeddable":true,"href":"https:\/\/pensiunea-paulowniaeuropa.ro\/index.php\/wp-json\/wp\/v2\/comments?post=6885"}],"wp:featuredmedia":[{"embeddable":true,"href":"https:\/\/pensiunea-paulowniaeuropa.ro\/index.php\/wp-json\/wp\/v2\/media\/6886"}],"wp:attachment":[{"href":"https:\/\/pensiunea-paulowniaeuropa.ro\/index.php\/wp-json\/wp\/v2\/media?parent=6885"}],"wp:term":[{"taxonomy":"product_cat","embeddable":true,"href":"https:\/\/pensiunea-paulowniaeuropa.ro\/index.php\/wp-json\/wp\/v2\/product_cat?post=6885"},{"taxonomy":"product_tag","embeddable":true,"href":"https:\/\/pensiunea-paulowniaeuropa.ro\/index.php\/wp-json\/wp\/v2\/product_tag?post=6885"}],"curies":[{"name":"wp","href":"https:\/\/api.w.org\/{rel}","templated":true}]}}