{"id":6494,"date":"2021-11-09T18:53:35","date_gmt":"2021-11-09T18:53:35","guid":{"rendered":"http:\/\/pensiunea-paulowniaeuropa.ro\/?page_id=6494"},"modified":"2021-11-09T19:16:45","modified_gmt":"2021-11-09T19:16:45","slug":"rezerva-masa","status":"publish","type":"page","link":"https:\/\/pensiunea-paulowniaeuropa.ro\/index.php\/rezerva-masa\/","title":{"rendered":"Rezerv\u0103 mas\u0103"},"content":{"rendered":"\t\t<div data-elementor-type=\"wp-page\" data-elementor-id=\"6494\" class=\"elementor elementor-6494\" data-elementor-settings=\"[]\">\n\t\t\t\t\t\t\t<div class=\"elementor-section-wrap\">\n\t\t\t\t\t\t\t<section class=\"elementor-section elementor-top-section elementor-element elementor-element-c867d59 elementor-section-boxed elementor-section-height-default elementor-section-height-default\" data-id=\"c867d59\" data-element_type=\"section\" data-settings=\"{&quot;background_background&quot;:&quot;classic&quot;}\">\n\t\t\t\t\t\t\t<div class=\"elementor-background-overlay\"><\/div>\n\t\t\t\t\t\t\t<div class=\"elementor-container elementor-column-gap-default\">\n\t\t\t\t\t<div class=\"elementor-column elementor-col-100 elementor-top-column elementor-element elementor-element-e84cf99\" data-id=\"e84cf99\" data-element_type=\"column\" data-settings=\"{&quot;background_background&quot;:&quot;classic&quot;}\">\n\t\t\t<div class=\"elementor-widget-wrap elementor-element-populated\">\n\t\t\t\t\t\t\t\t<div class=\"elementor-element elementor-element-2ae5503 elementor-widget elementor-widget-kababi_elementor_heading\" data-id=\"2ae5503\" data-element_type=\"widget\" data-widget_type=\"kababi_elementor_heading.default\">\n\t\t\t\t<div class=\"elementor-widget-container\">\n\t\t\t\t\t<div class=\"ova-heading\">\n\n\t\t\t<h2 class=\"title \">\n\n\t\t\t\tRezervare mese\n\t\t\t<\/h2>\n\n\t\t\t\t\t\t\t\t<div class=\"bg-title\">BISTRO<\/div>\n\t\t\t\t\t\t\n\t\t\t\t\t\t\t\t<p class=\"description\">Evenimente importante din via\u021ba dumneavoastr\u0103, rezerv\u0103ri pentru grupuri mari, locuri pe teras\u0103, mediu pl\u0103cut pentru cei mici.<\/p>\n\t\t\t\t\t \t\n\t    <\/div>\n\t\t\t\t<\/div>\n\t\t\t\t<\/div>\n\t\t\t\t<section class=\"elementor-section elementor-inner-section elementor-element elementor-element-dac4446 elementor-section-boxed elementor-section-height-default elementor-section-height-default\" data-id=\"dac4446\" data-element_type=\"section\">\n\t\t\t\t\t\t<div class=\"elementor-container elementor-column-gap-default\">\n\t\t\t\t\t<div class=\"elementor-column elementor-col-33 elementor-inner-column elementor-element elementor-element-0ffc645 elementor-hidden-tablet elementor-hidden-mobile\" data-id=\"0ffc645\" data-element_type=\"column\">\n\t\t\t<div class=\"elementor-widget-wrap\">\n\t\t\t\t\t\t\t\t\t<\/div>\n\t\t<\/div>\n\t\t\t\t<div class=\"elementor-column elementor-col-33 elementor-inner-column elementor-element elementor-element-e52cefa\" data-id=\"e52cefa\" data-element_type=\"column\" data-settings=\"{&quot;background_background&quot;:&quot;classic&quot;}\">\n\t\t\t<div class=\"elementor-widget-wrap elementor-element-populated\">\n\t\t\t\t\t\t\t\t<div class=\"elementor-element elementor-element-b9bde91 elementor-absolute elementor-hidden-mobile elementor-widget elementor-widget-image\" data-id=\"b9bde91\" data-element_type=\"widget\" data-settings=\"{&quot;_position&quot;:&quot;absolute&quot;}\" data-widget_type=\"image.default\">\n\t\t\t\t<div class=\"elementor-widget-container\">\n\t\t\t\t\t\t\t\t\t\t\t\t\t\t\t<img loading=\"lazy\" decoding=\"async\" width=\"450\" height=\"679\" src=\"https:\/\/pensiunea-paulowniaeuropa.ro\/wp-content\/uploads\/2021\/11\/bruschete-pensiunea-paulownia-europa-cristian-brasov.jpg\" class=\"attachment-large size-large\" alt=\"\" srcset=\"https:\/\/pensiunea-paulowniaeuropa.ro\/wp-content\/uploads\/2021\/11\/bruschete-pensiunea-paulownia-europa-cristian-brasov.jpg 450w, https:\/\/pensiunea-paulowniaeuropa.ro\/wp-content\/uploads\/2021\/11\/bruschete-pensiunea-paulownia-europa-cristian-brasov-199x300.jpg 199w\" sizes=\"auto, (max-width: 450px) 100vw, 450px\" \/>\t\t\t\t\t\t\t\t\t\t\t\t\t\t\t<\/div>\n\t\t\t\t<\/div>\n\t\t\t\t<div class=\"elementor-element elementor-element-5c2ba5a elementor-widget elementor-widget-shortcode\" data-id=\"5c2ba5a\" data-element_type=\"widget\" data-widget_type=\"shortcode.default\">\n\t\t\t\t<div class=\"elementor-widget-container\">\n\t\t\t\t\t<div class=\"elementor-shortcode\"><div role=\"form\" class=\"wpcf7\" id=\"wpcf7-f1630-o1\" lang=\"en-US\" dir=\"ltr\">\n<div class=\"screen-reader-response\"><p role=\"status\" aria-live=\"polite\" aria-atomic=\"true\"><\/p> <ul><\/ul><\/div>\n<form action=\"\/index.php\/wp-json\/wp\/v2\/pages\/6494#wpcf7-f1630-o1\" method=\"post\" class=\"wpcf7-form init\" novalidate=\"novalidate\" data-status=\"init\">\n<div style=\"display: none;\">\n<input type=\"hidden\" name=\"_wpcf7\" value=\"1630\" \/>\n<input type=\"hidden\" name=\"_wpcf7_version\" value=\"5.5.2\" \/>\n<input type=\"hidden\" name=\"_wpcf7_locale\" value=\"en_US\" \/>\n<input type=\"hidden\" name=\"_wpcf7_unit_tag\" value=\"wpcf7-f1630-o1\" \/>\n<input type=\"hidden\" name=\"_wpcf7_container_post\" value=\"0\" \/>\n<input type=\"hidden\" name=\"_wpcf7_posted_data_hash\" value=\"\" \/>\n<\/div>\n<div class=\"ova-ctfrom7\">\n<div class=\"form-reservation\">\n<div class=\"name ova_wrap_input\">\n   <span class=\"wpcf7-form-control-wrap fullname\"><input type=\"text\" name=\"fullname\" value=\"\" size=\"40\" class=\"wpcf7-form-control wpcf7-text wpcf7-validates-as-required\" aria-required=\"true\" aria-invalid=\"false\" placeholder=\"Numele t\u0103u\" \/><\/span>\n  <\/div>\n<div class=\"persons ova_wrap_input\">\n   <span class=\"wpcf7-form-control-wrap persons\"><select name=\"persons\" class=\"wpcf7-form-control wpcf7-select\" aria-invalid=\"false\"><option value=\"Num\u0103r de persoane\">Num\u0103r de persoane<\/option><option value=\"1-2\">1-2<\/option><option value=\"3-4\">3-4<\/option><option value=\"5-8\">5-8<\/option><option value=\"peste 8\">peste 8<\/option><\/select><\/span>\n  <\/div>\n<div class=\"date ova_wrap_input\">\n   <span class=\"wpcf7-form-control-wrap date\"><input type=\"date\" name=\"date\" value=\"2026-04-19\" class=\"wpcf7-form-control wpcf7-date wpcf7-validates-as-required wpcf7-validates-as-date\" aria-required=\"true\" aria-invalid=\"false\" \/><\/span>\n  <\/div>\n<div class=\"time ova_wrap_input\">\n   <span class=\"wpcf7-form-control-wrap time\"><select name=\"time\" class=\"wpcf7-form-control wpcf7-select\" aria-invalid=\"false\"><option value=\"Alege ora\">Alege ora<\/option><option value=\"10:00\">10:00<\/option><option value=\"11:00\">11:00<\/option><option value=\"11:30\">11:30<\/option><option value=\"18:00\">18:00<\/option><option value=\"19:00\">19:00<\/option><option value=\"19:30\">19:30<\/option><\/select><\/span>\n  <\/div>\n<div class=\"occasion ova_wrap_input\">\n   <span class=\"wpcf7-form-control-wrap occasion\"><select name=\"occasion\" class=\"wpcf7-form-control wpcf7-select\" aria-invalid=\"false\"><option value=\"Eveniment\">Eveniment<\/option><option value=\"Zi de na\u0219tere\">Zi de na\u0219tere<\/option><option value=\"Cr\u0103ciun\">Cr\u0103ciun<\/option><option value=\"Revelion\">Revelion<\/option><option value=\"8 Martie\">8 Martie<\/option><\/select><\/span>\n  <\/div>\n<div class=\"requirement ova_wrap_input\">\n   <span class=\"wpcf7-form-control-wrap special-requirement\"><input type=\"text\" name=\"special-requirement\" value=\"\" size=\"40\" class=\"wpcf7-form-control wpcf7-text\" aria-invalid=\"false\" placeholder=\"Cerin\u021be suplimentare\" \/><\/span>\n  <\/div>\n<div class=\"email ova_wrap_input\">\n   <span class=\"wpcf7-form-control-wrap your-email\"><input type=\"email\" name=\"your-email\" value=\"\" size=\"40\" class=\"wpcf7-form-control wpcf7-text wpcf7-email wpcf7-validates-as-required wpcf7-validates-as-email\" aria-required=\"true\" aria-invalid=\"false\" placeholder=\"Emailul t\u0103u\" \/><\/span>\n  <\/div>\n<div class=\"phone ova_wrap_input\">\n   <span class=\"wpcf7-form-control-wrap your-phone\"><input type=\"tel\" name=\"your-phone\" value=\"\" size=\"40\" class=\"wpcf7-form-control wpcf7-text wpcf7-tel wpcf7-validates-as-tel\" aria-invalid=\"false\" placeholder=\"Num\u0103r telefon\" \/><\/span>\n  <\/div>\n<div class=\"ova-submit\">\n   <input type=\"submit\" value=\"Rezerv\u0103 mas\u0103 acum\" class=\"wpcf7-form-control has-spinner wpcf7-submit\" \/>\n  <\/div>\n<\/div>\n<\/div>\n<div class=\"wpcf7-response-output\" aria-hidden=\"true\"><\/div><\/form><\/div><\/div>\n\t\t\t\t<\/div>\n\t\t\t\t<\/div>\n\t\t\t\t<div class=\"elementor-element elementor-element-2d555df elementor-absolute elementor-hidden-mobile elementor-widget elementor-widget-image\" data-id=\"2d555df\" data-element_type=\"widget\" data-settings=\"{&quot;_position&quot;:&quot;absolute&quot;}\" data-widget_type=\"image.default\">\n\t\t\t\t<div class=\"elementor-widget-container\">\n\t\t\t\t\t\t\t\t\t\t\t\t\t\t\t<img loading=\"lazy\" decoding=\"async\" width=\"450\" height=\"679\" src=\"https:\/\/pensiunea-paulowniaeuropa.ro\/wp-content\/uploads\/2021\/11\/bucatar-pensiunea-paulownia-europa-cristian-brasov.jpg\" class=\"attachment-full size-full\" alt=\"\" srcset=\"https:\/\/pensiunea-paulowniaeuropa.ro\/wp-content\/uploads\/2021\/11\/bucatar-pensiunea-paulownia-europa-cristian-brasov.jpg 450w, https:\/\/pensiunea-paulowniaeuropa.ro\/wp-content\/uploads\/2021\/11\/bucatar-pensiunea-paulownia-europa-cristian-brasov-199x300.jpg 199w\" sizes=\"auto, (max-width: 450px) 100vw, 450px\" \/>\t\t\t\t\t\t\t\t\t\t\t\t\t\t\t<\/div>\n\t\t\t\t<\/div>\n\t\t\t\t\t<\/div>\n\t\t<\/div>\n\t\t\t\t<div class=\"elementor-column elementor-col-33 elementor-inner-column elementor-element elementor-element-42142ef elementor-hidden-tablet elementor-hidden-mobile\" data-id=\"42142ef\" data-element_type=\"column\">\n\t\t\t<div class=\"elementor-widget-wrap\">\n\t\t\t\t\t\t\t\t\t<\/div>\n\t\t<\/div>\n\t\t\t\t\t\t\t<\/div>\n\t\t<\/section>\n\t\t\t\t\t<\/div>\n\t\t<\/div>\n\t\t\t\t\t\t\t<\/div>\n\t\t<\/section>\n\t\t\t\t<section class=\"elementor-section elementor-top-section elementor-element elementor-element-12b84ee elementor-section-full_width elementor-section-height-default elementor-section-height-default\" data-id=\"12b84ee\" data-element_type=\"section\">\n\t\t\t\t\t\t<div class=\"elementor-container elementor-column-gap-no\">\n\t\t\t\t\t<div class=\"elementor-column elementor-col-100 elementor-top-column elementor-element elementor-element-0ef7943\" data-id=\"0ef7943\" data-element_type=\"column\">\n\t\t\t<div class=\"elementor-widget-wrap elementor-element-populated\">\n\t\t\t\t\t\t\t\t<div class=\"elementor-element elementor-element-6f3d9ce elementor-widget elementor-widget-kababi_elementor_instagram\" data-id=\"6f3d9ce\" data-element_type=\"widget\" data-widget_type=\"kababi_elementor_instagram.default\">\n\t\t\t\t<div class=\"elementor-widget-container\">\n\t\t\t\t\t\n\t\t\t\t<div class=\"ova-instagram\">\n\n\t\t\t\t\t\n\t\t\t\t\t<div class=\"slide owl-carousel owl-theme\" data-instagram_slide=\"{&quot;autoplayTimeout&quot;:3000,&quot;margin&quot;:0,&quot;autoplay&quot;:true,&quot;loop&quot;:true,&quot;autoplayHoverPause&quot;:true,&quot;lazyLoad&quot;:true,&quot;nav&quot;:false,&quot;navText&quot;:[&quot;&lt;i class=\\&quot;fa fa-angle-left\\&quot; aria-hidden=\\&quot;true\\&quot;&gt;&lt;\\\/i&gt;&quot;,&quot;&lt;i class=\\&quot;fa fa-angle-right\\&quot; aria-hidden=\\&quot;true\\&quot;&gt;&lt;\\\/i&gt;&quot;],&quot;dots&quot;:false,&quot;smartSpeed&quot;:1000,&quot;responsive&quot;:{&quot;0&quot;:{&quot;items&quot;:1},&quot;900&quot;:{&quot;items&quot;:3},&quot;1200&quot;:{&quot;items&quot;:6}}}\" >\n\t\t\t\t\t\t\t\t\t\t\t<\/div>\n\t\t\t\t<\/div>\n\t\t\t\t\t\t<\/div>\n\t\t\t\t<\/div>\n\t\t\t\t\t<\/div>\n\t\t<\/div>\n\t\t\t\t\t\t\t<\/div>\n\t\t<\/section>\n\t\t\t\t<section class=\"elementor-section elementor-top-section elementor-element elementor-element-4964bbd elementor-section-boxed elementor-section-height-default elementor-section-height-default\" data-id=\"4964bbd\" data-element_type=\"section\" data-settings=\"{&quot;background_background&quot;:&quot;classic&quot;}\">\n\t\t\t\t\t\t<div class=\"elementor-container elementor-column-gap-extended\">\n\t\t\t\t\t<div class=\"elementor-column elementor-col-16 elementor-top-column elementor-element elementor-element-6d4155a\" data-id=\"6d4155a\" data-element_type=\"column\">\n\t\t\t<div class=\"elementor-widget-wrap elementor-element-populated\">\n\t\t\t\t\t\t\t\t<div class=\"elementor-element elementor-element-70fea6a elementor-widget elementor-widget-image\" data-id=\"70fea6a\" data-element_type=\"widget\" data-widget_type=\"image.default\">\n\t\t\t\t<div class=\"elementor-widget-container\">\n\t\t\t\t\t\t\t\t\t\t\t\t\t\t\t<img loading=\"lazy\" decoding=\"async\" width=\"126\" height=\"80\" src=\"https:\/\/pensiunea-paulowniaeuropa.ro\/wp-content\/uploads\/2021\/08\/logo-01.png\" class=\"attachment-large size-large\" alt=\"\" \/>\t\t\t\t\t\t\t\t\t\t\t\t\t\t\t<\/div>\n\t\t\t\t<\/div>\n\t\t\t\t\t<\/div>\n\t\t<\/div>\n\t\t\t\t<div class=\"elementor-column elementor-col-16 elementor-top-column elementor-element elementor-element-47b5a4b\" data-id=\"47b5a4b\" data-element_type=\"column\">\n\t\t\t<div class=\"elementor-widget-wrap elementor-element-populated\">\n\t\t\t\t\t\t\t\t<div class=\"elementor-element elementor-element-43de44e elementor-widget elementor-widget-image\" data-id=\"43de44e\" data-element_type=\"widget\" data-widget_type=\"image.default\">\n\t\t\t\t<div class=\"elementor-widget-container\">\n\t\t\t\t\t\t\t\t\t\t\t\t\t\t\t<img loading=\"lazy\" decoding=\"async\" width=\"83\" height=\"80\" src=\"https:\/\/pensiunea-paulowniaeuropa.ro\/wp-content\/uploads\/2021\/08\/logo-02.png\" class=\"attachment-large size-large\" alt=\"\" \/>\t\t\t\t\t\t\t\t\t\t\t\t\t\t\t<\/div>\n\t\t\t\t<\/div>\n\t\t\t\t\t<\/div>\n\t\t<\/div>\n\t\t\t\t<div class=\"elementor-column elementor-col-16 elementor-top-column elementor-element elementor-element-6d2a30d\" data-id=\"6d2a30d\" data-element_type=\"column\">\n\t\t\t<div class=\"elementor-widget-wrap elementor-element-populated\">\n\t\t\t\t\t\t\t\t<div class=\"elementor-element elementor-element-21dbbc1 elementor-widget elementor-widget-image\" data-id=\"21dbbc1\" data-element_type=\"widget\" data-widget_type=\"image.default\">\n\t\t\t\t<div class=\"elementor-widget-container\">\n\t\t\t\t\t\t\t\t\t\t\t\t\t\t\t<img loading=\"lazy\" decoding=\"async\" width=\"111\" height=\"80\" src=\"https:\/\/pensiunea-paulowniaeuropa.ro\/wp-content\/uploads\/2021\/08\/logo-03.png\" class=\"attachment-large size-large\" alt=\"\" \/>\t\t\t\t\t\t\t\t\t\t\t\t\t\t\t<\/div>\n\t\t\t\t<\/div>\n\t\t\t\t\t<\/div>\n\t\t<\/div>\n\t\t\t\t<div class=\"elementor-column elementor-col-16 elementor-top-column elementor-element elementor-element-abc5bfc\" data-id=\"abc5bfc\" data-element_type=\"column\">\n\t\t\t<div class=\"elementor-widget-wrap elementor-element-populated\">\n\t\t\t\t\t\t\t\t<div class=\"elementor-element elementor-element-abf7064 elementor-widget elementor-widget-image\" data-id=\"abf7064\" data-element_type=\"widget\" data-widget_type=\"image.default\">\n\t\t\t\t<div class=\"elementor-widget-container\">\n\t\t\t\t\t\t\t\t\t\t\t\t\t\t\t<img loading=\"lazy\" decoding=\"async\" width=\"91\" height=\"81\" src=\"https:\/\/pensiunea-paulowniaeuropa.ro\/wp-content\/uploads\/2021\/08\/logo-04.png\" class=\"attachment-large size-large\" alt=\"\" \/>\t\t\t\t\t\t\t\t\t\t\t\t\t\t\t<\/div>\n\t\t\t\t<\/div>\n\t\t\t\t\t<\/div>\n\t\t<\/div>\n\t\t\t\t<div class=\"elementor-column elementor-col-16 elementor-top-column elementor-element elementor-element-9a64a33\" data-id=\"9a64a33\" data-element_type=\"column\">\n\t\t\t<div class=\"elementor-widget-wrap elementor-element-populated\">\n\t\t\t\t\t\t\t\t<div class=\"elementor-element elementor-element-d7af95c elementor-widget elementor-widget-image\" data-id=\"d7af95c\" data-element_type=\"widget\" data-widget_type=\"image.default\">\n\t\t\t\t<div class=\"elementor-widget-container\">\n\t\t\t\t\t\t\t\t\t\t\t\t\t\t\t<img loading=\"lazy\" decoding=\"async\" width=\"92\" height=\"80\" src=\"https:\/\/pensiunea-paulowniaeuropa.ro\/wp-content\/uploads\/2021\/08\/logo-05.png\" class=\"attachment-large size-large\" alt=\"\" \/>\t\t\t\t\t\t\t\t\t\t\t\t\t\t\t<\/div>\n\t\t\t\t<\/div>\n\t\t\t\t\t<\/div>\n\t\t<\/div>\n\t\t\t\t<div class=\"elementor-column elementor-col-16 elementor-top-column elementor-element elementor-element-7cde9a6\" data-id=\"7cde9a6\" data-element_type=\"column\">\n\t\t\t<div class=\"elementor-widget-wrap elementor-element-populated\">\n\t\t\t\t\t\t\t\t<div class=\"elementor-element elementor-element-3fe5292 elementor-widget elementor-widget-image\" data-id=\"3fe5292\" data-element_type=\"widget\" data-widget_type=\"image.default\">\n\t\t\t\t<div class=\"elementor-widget-container\">\n\t\t\t\t\t\t\t\t\t\t\t\t\t\t\t<img loading=\"lazy\" decoding=\"async\" width=\"90\" height=\"79\" src=\"https:\/\/pensiunea-paulowniaeuropa.ro\/wp-content\/uploads\/2021\/08\/logo-06.png\" class=\"attachment-large size-large\" alt=\"\" \/>\t\t\t\t\t\t\t\t\t\t\t\t\t\t\t<\/div>\n\t\t\t\t<\/div>\n\t\t\t\t\t<\/div>\n\t\t<\/div>\n\t\t\t\t\t\t\t<\/div>\n\t\t<\/section>\n\t\t\t\t\t\t<\/div>\n\t\t\t\t\t<\/div>\n\t\t","protected":false},"excerpt":{"rendered":"<p>Rezervare mese BISTRO Evenimente importante din via\u021ba dumneavoastr\u0103, rezerv\u0103ri pentru grupuri mari, locuri pe teras\u0103, mediu pl\u0103cut pentru cei mici.<\/p>\n","protected":false},"author":1,"featured_media":0,"parent":0,"menu_order":0,"comment_status":"closed","ping_status":"closed","template":"elementor_header_footer","meta":{"footnotes":""},"class_list":["post-6494","page","type-page","status-publish","hentry"],"_links":{"self":[{"href":"https:\/\/pensiunea-paulowniaeuropa.ro\/index.php\/wp-json\/wp\/v2\/pages\/6494","targetHints":{"allow":["GET"]}}],"collection":[{"href":"https:\/\/pensiunea-paulowniaeuropa.ro\/index.php\/wp-json\/wp\/v2\/pages"}],"about":[{"href":"https:\/\/pensiunea-paulowniaeuropa.ro\/index.php\/wp-json\/wp\/v2\/types\/page"}],"author":[{"embeddable":true,"href":"https:\/\/pensiunea-paulowniaeuropa.ro\/index.php\/wp-json\/wp\/v2\/users\/1"}],"replies":[{"embeddable":true,"href":"https:\/\/pensiunea-paulowniaeuropa.ro\/index.php\/wp-json\/wp\/v2\/comments?post=6494"}],"version-history":[{"count":13,"href":"https:\/\/pensiunea-paulowniaeuropa.ro\/index.php\/wp-json\/wp\/v2\/pages\/6494\/revisions"}],"predecessor-version":[{"id":6511,"href":"https:\/\/pensiunea-paulowniaeuropa.ro\/index.php\/wp-json\/wp\/v2\/pages\/6494\/revisions\/6511"}],"wp:attachment":[{"href":"https:\/\/pensiunea-paulowniaeuropa.ro\/index.php\/wp-json\/wp\/v2\/media?parent=6494"}],"curies":[{"name":"wp","href":"https:\/\/api.w.org\/{rel}","templated":true}]}}